{"id":74485,"date":"2019-01-21T16:43:28","date_gmt":"2019-01-21T16:43:28","guid":{"rendered":"http:\/\/www.udeaudio.com\/empresa\/"},"modified":"2025-01-14T13:50:33","modified_gmt":"2025-01-14T12:50:33","slug":"company","status":"publish","type":"page","link":"https:\/\/test.udeaudio.com\/en\/company\/","title":{"rendered":"COMPANY"},"content":{"rendered":"<div class=\"wpb-content-wrapper\"><p>[vc_row][vc_column width=&#8221;3\/4&#8243;][vc_column_text uncode_shortcode_id=&#8221;186796&#8243;]With more than 30 years of experience, UDE (Uni\u00f3n Desarrollos Electr\u00f3nicos) designs and manufactures audio equipment focused on public address systems, intercommunication and industrial audio.<\/p>\n<p>The company offers a wide range of equipment and systems that provide a high versatility for different applications: industrial areas, hospitals, hotels, malls, sport centers, religious centers, transport areas; among others.<\/p>\n<p>Our main goal is to offer products emphasized by their quality, robustness and reliability. For this purpose, we have a R&amp;D department in constant evolution to improve and extend the range of equipment and systems.<\/p>\n<p>As European manufacturers, our commitment relies on adapting our products to the current needs of the market. As a company, our firm commitment with the client and our constant customer service has permitted UDE to be present in more than 30 countries around the world.[\/vc_column_text][vc_single_image media=&#8221;74482&#8243; media_width_percent=&#8221;100&#8243; alignment=&#8221;center&#8221;][\/vc_column][vc_column width=&#8221;1\/4&#8243;][vc_column_text]<\/p>\n<div class=\"certificados\" style=\"text-align: center;\"><a title=\"Ver certificado\" href=\"https:\/\/test.udeaudio.com\/wp-content\/uploads\/UDE_Warranty_rev1.pdf\" target=\"_blank\" rel=\"noopener noreferrer\">Warranty<\/a><\/div>\n<p>[\/vc_column_text][vc_column_text]<\/p>\n<div class=\"certificados\" style=\"text-align: center;\"><a title=\"Ver certificado\" href=\"\/en\/references\/\" target=\"_blank\" rel=\"noopener noreferrer\">References<\/a><\/div>\n<p>[\/vc_column_text][vc_column_text]<\/p>\n<div class=\"certificados\" style=\"text-align: center;\"><a title=\"Ver certificado\" href=\"http:\/\/www.udeaudio.com\/wp-content\/uploads\/Pol\u00edtica-de-calidad-ingles.pdf\" target=\"_blank\" rel=\"noopener noreferrer\">Quality Policy<\/a><\/div>\n<p>[\/vc_column_text][vc_column_text uncode_shortcode_id=&#8221;131588&#8243;]<\/p>\n<div class=\"certificados\" style=\"text-align: center;\"><a title=\"Ver certificado\" href=\"https:\/\/test.udeaudio.com\/wp-content\/uploads\/12981985-BUP-UNION-DESARROLLOS-ELECTRONICOS-SA-INGLES.pdf\" target=\"_blank\" rel=\"noopener noreferrer\">ISO 9001:2015 Certificate<\/a><\/div>\n<p>[\/vc_column_text][vc_column_text uncode_shortcode_id=&#8221;135013&#8243;]<\/p>\n<div class=\"certificados\" style=\"text-align: center;\"><a href=\"\/wp-content\/uploads\/2023\/05\/LOM-10ATEX9094-Ed.4.pdf\" target=\"_blank\" rel=\"noopener noreferrer\">ATEX Certificate<\/a><\/div>\n<p>[\/vc_column_text][vc_column_text]<\/p>\n<div class=\"certificados\" style=\"text-align: center;\"><a href=\"\/en\/brochures\/\" target=\"_blank\" rel=\"noopener noreferrer\">Catalogues<\/a><\/div>\n<p>[\/vc_column_text][\/vc_column][\/vc_row]<\/p>\n<\/div>","protected":false},"excerpt":{"rendered":"<p>[vc_row][vc_column width=&#8221;3\/4&#8243;][vc_column_text uncode_shortcode_id=&#8221;186796&#8243;]With more than 30 years of experience, UDE (Uni\u00f3n Desarrollos Electr\u00f3nicos) designs and manufactures audio equipment focused on [&hellip;]<\/p>\n","protected":false},"author":1,"featured_media":0,"parent":0,"menu_order":0,"comment_status":"closed","ping_status":"closed","template":"","meta":{"footnotes":""},"class_list":["post-74485","page","type-page","status-publish","hentry"],"yoast_head":"<!-- This site is optimized with the Yoast SEO plugin v24.8.1 - https:\/\/yoast.com\/wordpress\/plugins\/seo\/ -->\n<title>COMPANY - UDE Audio<\/title>\n<meta name=\"description\" content=\"Con m\u00e1s de 30 a\u00f1os de experiencia Uni\u00f3n Desarrollos Electr\u00f3nicos dise\u00f1a y fabrica equipos de megafon\u00eda, intercomunicaci\u00f3n y audio industrial.\" \/>\n<meta name=\"robots\" content=\"noindex, follow, max-snippet:-1, max-image-preview:large, max-video-preview:-1\" \/>\n<meta property=\"og:locale\" content=\"en_US\" \/>\n<meta property=\"og:type\" content=\"article\" \/>\n<meta property=\"og:title\" content=\"COMPANY - UDE Audio\" \/>\n<meta property=\"og:description\" content=\"Con m\u00e1s de 30 a\u00f1os de experiencia Uni\u00f3n Desarrollos Electr\u00f3nicos dise\u00f1a y fabrica equipos de megafon\u00eda, intercomunicaci\u00f3n y audio industrial.\" \/>\n<meta property=\"og:url\" content=\"https:\/\/test.udeaudio.com\/en\/company\/\" \/>\n<meta property=\"og:site_name\" content=\"UDE Audio\" \/>\n<meta property=\"article:publisher\" content=\"https:\/\/es-es.facebook.com\/pg\/udeaudio\/posts\/\" \/>\n<meta property=\"article:modified_time\" content=\"2025-01-14T12:50:33+00:00\" \/>\n<meta name=\"twitter:card\" content=\"summary_large_image\" \/>\n<meta name=\"twitter:site\" content=\"@udeaudio\" \/>\n<meta name=\"twitter:label1\" content=\"Est. reading time\" \/>\n\t<meta name=\"twitter:data1\" content=\"1 minute\" \/>\n<script type=\"application\/ld+json\" class=\"yoast-schema-graph\">{\"@context\":\"https:\/\/schema.org\",\"@graph\":[{\"@type\":\"WebPage\",\"@id\":\"https:\/\/test.udeaudio.com\/en\/company\/\",\"url\":\"https:\/\/test.udeaudio.com\/en\/company\/\",\"name\":\"COMPANY - UDE Audio\",\"isPartOf\":{\"@id\":\"https:\/\/test.udeaudio.com\/en\/#website\"},\"datePublished\":\"2019-01-21T16:43:28+00:00\",\"dateModified\":\"2025-01-14T12:50:33+00:00\",\"description\":\"Con m\u00e1s de 30 a\u00f1os de experiencia Uni\u00f3n Desarrollos Electr\u00f3nicos dise\u00f1a y fabrica equipos de megafon\u00eda, intercomunicaci\u00f3n y audio industrial.\",\"breadcrumb\":{\"@id\":\"https:\/\/test.udeaudio.com\/en\/company\/#breadcrumb\"},\"inLanguage\":\"en-US\",\"potentialAction\":[{\"@type\":\"ReadAction\",\"target\":[\"https:\/\/test.udeaudio.com\/en\/company\/\"]}]},{\"@type\":\"BreadcrumbList\",\"@id\":\"https:\/\/test.udeaudio.com\/en\/company\/#breadcrumb\",\"itemListElement\":[{\"@type\":\"ListItem\",\"position\":1,\"name\":\"Portada\",\"item\":\"https:\/\/test.udeaudio.com\/en\/\"},{\"@type\":\"ListItem\",\"position\":2,\"name\":\"COMPANY\"}]},{\"@type\":\"WebSite\",\"@id\":\"https:\/\/test.udeaudio.com\/en\/#website\",\"url\":\"https:\/\/test.udeaudio.com\/en\/\",\"name\":\"UDE Audio\",\"description\":\"Sistemas y equipos de megafon\u00eda\",\"publisher\":{\"@id\":\"https:\/\/test.udeaudio.com\/en\/#organization\"},\"potentialAction\":[{\"@type\":\"SearchAction\",\"target\":{\"@type\":\"EntryPoint\",\"urlTemplate\":\"https:\/\/test.udeaudio.com\/en\/?s={search_term_string}\"},\"query-input\":{\"@type\":\"PropertyValueSpecification\",\"valueRequired\":true,\"valueName\":\"search_term_string\"}}],\"inLanguage\":\"en-US\"},{\"@type\":\"Organization\",\"@id\":\"https:\/\/test.udeaudio.com\/en\/#organization\",\"name\":\"UDE Audio\",\"url\":\"https:\/\/test.udeaudio.com\/en\/\",\"logo\":{\"@type\":\"ImageObject\",\"inLanguage\":\"en-US\",\"@id\":\"https:\/\/test.udeaudio.com\/en\/#\/schema\/logo\/image\/\",\"url\":\"https:\/\/test.udeaudio.com\/wp-content\/uploads\/cropped-favicon.png\",\"contentUrl\":\"https:\/\/test.udeaudio.com\/wp-content\/uploads\/cropped-favicon.png\",\"width\":512,\"height\":512,\"caption\":\"UDE Audio\"},\"image\":{\"@id\":\"https:\/\/test.udeaudio.com\/en\/#\/schema\/logo\/image\/\"},\"sameAs\":[\"https:\/\/es-es.facebook.com\/pg\/udeaudio\/posts\/\",\"https:\/\/x.com\/udeaudio\",\"https:\/\/www.linkedin.com\/company\/ude-audio\/\"]}]}<\/script>\n<!-- \/ Yoast SEO plugin. -->","yoast_head_json":{"title":"COMPANY - UDE Audio","description":"Con m\u00e1s de 30 a\u00f1os de experiencia Uni\u00f3n Desarrollos Electr\u00f3nicos dise\u00f1a y fabrica equipos de megafon\u00eda, intercomunicaci\u00f3n y audio industrial.","robots":{"index":"noindex","follow":"follow","max-snippet":"max-snippet:-1","max-image-preview":"max-image-preview:large","max-video-preview":"max-video-preview:-1"},"og_locale":"en_US","og_type":"article","og_title":"COMPANY - UDE Audio","og_description":"Con m\u00e1s de 30 a\u00f1os de experiencia Uni\u00f3n Desarrollos Electr\u00f3nicos dise\u00f1a y fabrica equipos de megafon\u00eda, intercomunicaci\u00f3n y audio industrial.","og_url":"https:\/\/test.udeaudio.com\/en\/company\/","og_site_name":"UDE Audio","article_publisher":"https:\/\/es-es.facebook.com\/pg\/udeaudio\/posts\/","article_modified_time":"2025-01-14T12:50:33+00:00","twitter_card":"summary_large_image","twitter_site":"@udeaudio","twitter_misc":{"Est. reading time":"1 minute"},"schema":{"@context":"https:\/\/schema.org","@graph":[{"@type":"WebPage","@id":"https:\/\/test.udeaudio.com\/en\/company\/","url":"https:\/\/test.udeaudio.com\/en\/company\/","name":"COMPANY - UDE Audio","isPartOf":{"@id":"https:\/\/test.udeaudio.com\/en\/#website"},"datePublished":"2019-01-21T16:43:28+00:00","dateModified":"2025-01-14T12:50:33+00:00","description":"Con m\u00e1s de 30 a\u00f1os de experiencia Uni\u00f3n Desarrollos Electr\u00f3nicos dise\u00f1a y fabrica equipos de megafon\u00eda, intercomunicaci\u00f3n y audio industrial.","breadcrumb":{"@id":"https:\/\/test.udeaudio.com\/en\/company\/#breadcrumb"},"inLanguage":"en-US","potentialAction":[{"@type":"ReadAction","target":["https:\/\/test.udeaudio.com\/en\/company\/"]}]},{"@type":"BreadcrumbList","@id":"https:\/\/test.udeaudio.com\/en\/company\/#breadcrumb","itemListElement":[{"@type":"ListItem","position":1,"name":"Portada","item":"https:\/\/test.udeaudio.com\/en\/"},{"@type":"ListItem","position":2,"name":"COMPANY"}]},{"@type":"WebSite","@id":"https:\/\/test.udeaudio.com\/en\/#website","url":"https:\/\/test.udeaudio.com\/en\/","name":"UDE Audio","description":"Sistemas y equipos de megafon\u00eda","publisher":{"@id":"https:\/\/test.udeaudio.com\/en\/#organization"},"potentialAction":[{"@type":"SearchAction","target":{"@type":"EntryPoint","urlTemplate":"https:\/\/test.udeaudio.com\/en\/?s={search_term_string}"},"query-input":{"@type":"PropertyValueSpecification","valueRequired":true,"valueName":"search_term_string"}}],"inLanguage":"en-US"},{"@type":"Organization","@id":"https:\/\/test.udeaudio.com\/en\/#organization","name":"UDE Audio","url":"https:\/\/test.udeaudio.com\/en\/","logo":{"@type":"ImageObject","inLanguage":"en-US","@id":"https:\/\/test.udeaudio.com\/en\/#\/schema\/logo\/image\/","url":"https:\/\/test.udeaudio.com\/wp-content\/uploads\/cropped-favicon.png","contentUrl":"https:\/\/test.udeaudio.com\/wp-content\/uploads\/cropped-favicon.png","width":512,"height":512,"caption":"UDE Audio"},"image":{"@id":"https:\/\/test.udeaudio.com\/en\/#\/schema\/logo\/image\/"},"sameAs":["https:\/\/es-es.facebook.com\/pg\/udeaudio\/posts\/","https:\/\/x.com\/udeaudio","https:\/\/www.linkedin.com\/company\/ude-audio\/"]}]}},"_links":{"self":[{"href":"https:\/\/test.udeaudio.com\/en\/wp-json\/wp\/v2\/pages\/74485","targetHints":{"allow":["GET"]}}],"collection":[{"href":"https:\/\/test.udeaudio.com\/en\/wp-json\/wp\/v2\/pages"}],"about":[{"href":"https:\/\/test.udeaudio.com\/en\/wp-json\/wp\/v2\/types\/page"}],"author":[{"embeddable":true,"href":"https:\/\/test.udeaudio.com\/en\/wp-json\/wp\/v2\/users\/1"}],"replies":[{"embeddable":true,"href":"https:\/\/test.udeaudio.com\/en\/wp-json\/wp\/v2\/comments?post=74485"}],"version-history":[{"count":21,"href":"https:\/\/test.udeaudio.com\/en\/wp-json\/wp\/v2\/pages\/74485\/revisions"}],"predecessor-version":[{"id":96825,"href":"https:\/\/test.udeaudio.com\/en\/wp-json\/wp\/v2\/pages\/74485\/revisions\/96825"}],"wp:attachment":[{"href":"https:\/\/test.udeaudio.com\/en\/wp-json\/wp\/v2\/media?parent=74485"}],"curies":[{"name":"wp","href":"https:\/\/api.w.org\/{rel}","templated":true}]}}